{"id":10,"date":"2016-09-19T21:18:56","date_gmt":"2016-09-19T19:18:56","guid":{"rendered":"http:\/\/coquelicot-consultations.fr\/?page_id=10"},"modified":"2024-02-02T09:38:50","modified_gmt":"2024-02-02T07:38:50","slug":"a-propos-des-membres-de-lassociation","status":"publish","type":"page","link":"https:\/\/coquelicot-consultations.fr\/index.php\/a-propos-des-membres-de-lassociation\/","title":{"rendered":"Accueillants"},"content":{"rendered":"<p style=\"text-align: left;\">Huit psychologues cliniciens accueillent pour l&rsquo;association : six pour le Point Accueil Jeunes, deux pour les familles.<\/p>\n<p>Pour les accueils jeunes, les psychologues sont accompagn\u00e9s d&rsquo;une plasticienne le jeudi (Madame Claude Hassan) d&rsquo;une \u00e9ducatrice m\u00e9diatrice artistique le jeudi et le vendredi.<\/p>\n<p>Les psychologues sont tous titulaires d&rsquo;un Master 2 de psychologue clinicien.<\/p>\n<p><strong>Francine EMSCHWILLER<\/strong>, psychologue clinicienne, form\u00e9e \u00e0 la th\u00e9rapie familiale, re\u00e7oit au sein de l&rsquo;association les familles, les parents et les personnes migrantes. Francine a travaill\u00e9 en Espace de Rencontre \u00e0 Paris (CECCOF) et en Seine et Marne. Elle est directrice de l&rsquo;association.<\/p>\n<p>Au PAEJ accueillent six<strong>\u00a0psychologues cliniciens, une plasticienne, une m\u00e9diatrice artistique \u00e9ducatrice sp\u00e9cialis\u00e9e.<\/strong><\/p>\n<p><strong>Claude HASSAN<\/strong>\u00a0est dipl\u00f4m\u00e9e de \u00a0l\u2019Ecole Nationale Sup\u00e9rieure des Beaux Arts\u00a0 de Paris. Elle vit et travaille \u00e0 Torcy (77). On peut retrouver ses oeuvres et ses lieux d&rsquo;exposition en suivant le lien :\u00a0<a href=\"http:\/\/claudehassan.over-blog.com\">http:\/\/claudehassan.over-blog.com<\/a>\u00a0Claude a une longue exp\u00e9rience de l&rsquo;accompagnement de chaque \u00e2ge par le dessin.<\/p>\n<p style=\"text-align: center;\"><a href=\"https:\/\/coquelicot-consultations.fr\/wp-content\/uploads\/2018\/08\/Les-quatre-ensemble.jpg\"><img loading=\"lazy\" decoding=\"async\" class=\"aligncenter size-medium wp-image-373\" src=\"https:\/\/coquelicot-consultations.fr\/wp-content\/uploads\/2018\/08\/Les-quatre-ensemble-300x95.jpg\" alt=\"Les-quatre-ensemble\" width=\"600\" height=\"190\" \/><\/a><br \/>\nMarta, Francine, Cristobal et Lelia<\/p>\n","protected":false},"excerpt":{"rendered":"<p>Huit psychologues cliniciens accueillent pour l&rsquo;association : six pour le Point Accueil Jeunes, deux pour les familles. Pour les accueils jeunes, les psychologues sont accompagn\u00e9s d&rsquo;une plasticienne le jeudi (Madame Claude Hassan) d&rsquo;une \u00e9ducatrice m\u00e9diatrice artistique le jeudi et le vendredi. Les psychologues sont tous titulaires d&rsquo;un Master 2 de psychologue clinicien. Francine EMSCHWILLER, psychologue <a class=\"more-link\" href=\"https:\/\/coquelicot-consultations.fr\/index.php\/a-propos-des-membres-de-lassociation\/\">la suite&#8230; <i class=\"fa fa-chevron-right\"><\/i><\/a><\/p>\n","protected":false},"author":1,"featured_media":0,"parent":0,"menu_order":0,"comment_status":"closed","ping_status":"closed","template":"","meta":{"iawp_total_views":532,"footnotes":""},"class_list":["post-10","page","type-page","status-publish","hentry"],"_links":{"self":[{"href":"https:\/\/coquelicot-consultations.fr\/index.php\/wp-json\/wp\/v2\/pages\/10","targetHints":{"allow":["GET"]}}],"collection":[{"href":"https:\/\/coquelicot-consultations.fr\/index.php\/wp-json\/wp\/v2\/pages"}],"about":[{"href":"https:\/\/coquelicot-consultations.fr\/index.php\/wp-json\/wp\/v2\/types\/page"}],"author":[{"embeddable":true,"href":"https:\/\/coquelicot-consultations.fr\/index.php\/wp-json\/wp\/v2\/users\/1"}],"replies":[{"embeddable":true,"href":"https:\/\/coquelicot-consultations.fr\/index.php\/wp-json\/wp\/v2\/comments?post=10"}],"version-history":[{"count":78,"href":"https:\/\/coquelicot-consultations.fr\/index.php\/wp-json\/wp\/v2\/pages\/10\/revisions"}],"predecessor-version":[{"id":1211,"href":"https:\/\/coquelicot-consultations.fr\/index.php\/wp-json\/wp\/v2\/pages\/10\/revisions\/1211"}],"wp:attachment":[{"href":"https:\/\/coquelicot-consultations.fr\/index.php\/wp-json\/wp\/v2\/media?parent=10"}],"curies":[{"name":"wp","href":"https:\/\/api.w.org\/{rel}","templated":true}]}}