{"id":117,"date":"2016-12-25T19:34:47","date_gmt":"2016-12-25T17:34:47","guid":{"rendered":"http:\/\/coquelicot-consultations.fr\/?page_id=117"},"modified":"2023-09-28T07:56:30","modified_gmt":"2023-09-28T05:56:30","slug":"partenaires","status":"publish","type":"page","link":"https:\/\/coquelicot-consultations.fr\/index.php\/partenaires\/","title":{"rendered":"Partenaires"},"content":{"rendered":"<ul>\n<li>Nos projets sont soutenus par les partenaires suivants :<\/li>\n<li>la CAF 77, Caisse d&rsquo;Assurance Maladie de Seine-et-Marne,<\/li>\n<li>l&rsquo;ANCT (Agence Nationale pour la Coh\u00e9sion des Territoires, Politique de la Ville, anciennement CGET), soutien de la Pr\u00e9fecture de Seine et Marne,<\/li>\n<li>la Communaut\u00e9 d&rsquo;Agglom\u00e9ration Melun &#8211; Val-de-Seine,<\/li>\n<li>la Caisse Primaire d&rsquo;Assurance Maladie de Seine-et-Marne,<\/li>\n<li>l&rsquo;Agence R\u00e9gionale de Sant\u00e9 Ile de France,<\/li>\n<li>la Ville de Melun.<\/li>\n<\/ul>\n\n\n<figure class=\"wp-block-image size-full\"><img loading=\"lazy\" decoding=\"async\" width=\"500\" height=\"261\" src=\"https:\/\/coquelicot-consultations.fr\/wp-content\/uploads\/2022\/07\/5-Logos-2021-PAEJ-v3.jpg\" alt=\"\" class=\"wp-image-1092\" srcset=\"https:\/\/coquelicot-consultations.fr\/wp-content\/uploads\/2022\/07\/5-Logos-2021-PAEJ-v3.jpg 500w, https:\/\/coquelicot-consultations.fr\/wp-content\/uploads\/2022\/07\/5-Logos-2021-PAEJ-v3-300x157.jpg 300w\" sizes=\"auto, (max-width: 500px) 100vw, 500px\" \/><\/figure>\n","protected":false},"excerpt":{"rendered":"<p>Nos projets sont soutenus par les partenaires suivants : la CAF 77, Caisse d&rsquo;Assurance Maladie de Seine-et-Marne, l&rsquo;ANCT (Agence Nationale pour la Coh\u00e9sion des Territoires, Politique de la Ville, anciennement CGET), soutien de la Pr\u00e9fecture de Seine et Marne, la Communaut\u00e9 d&rsquo;Agglom\u00e9ration Melun &#8211; Val-de-Seine, la Caisse Primaire d&rsquo;Assurance Maladie de Seine-et-Marne, l&rsquo;Agence R\u00e9gionale de <a class=\"more-link\" href=\"https:\/\/coquelicot-consultations.fr\/index.php\/partenaires\/\">la suite&#8230; <i class=\"fa fa-chevron-right\"><\/i><\/a><\/p>\n","protected":false},"author":1,"featured_media":0,"parent":0,"menu_order":0,"comment_status":"closed","ping_status":"closed","template":"","meta":{"iawp_total_views":261,"footnotes":""},"class_list":["post-117","page","type-page","status-publish","hentry"],"_links":{"self":[{"href":"https:\/\/coquelicot-consultations.fr\/index.php\/wp-json\/wp\/v2\/pages\/117","targetHints":{"allow":["GET"]}}],"collection":[{"href":"https:\/\/coquelicot-consultations.fr\/index.php\/wp-json\/wp\/v2\/pages"}],"about":[{"href":"https:\/\/coquelicot-consultations.fr\/index.php\/wp-json\/wp\/v2\/types\/page"}],"author":[{"embeddable":true,"href":"https:\/\/coquelicot-consultations.fr\/index.php\/wp-json\/wp\/v2\/users\/1"}],"replies":[{"embeddable":true,"href":"https:\/\/coquelicot-consultations.fr\/index.php\/wp-json\/wp\/v2\/comments?post=117"}],"version-history":[{"count":30,"href":"https:\/\/coquelicot-consultations.fr\/index.php\/wp-json\/wp\/v2\/pages\/117\/revisions"}],"predecessor-version":[{"id":1165,"href":"https:\/\/coquelicot-consultations.fr\/index.php\/wp-json\/wp\/v2\/pages\/117\/revisions\/1165"}],"wp:attachment":[{"href":"https:\/\/coquelicot-consultations.fr\/index.php\/wp-json\/wp\/v2\/media?parent=117"}],"curies":[{"name":"wp","href":"https:\/\/api.w.org\/{rel}","templated":true}]}}