{"id":2,"date":"2016-09-07T20:29:14","date_gmt":"2016-09-07T19:29:14","guid":{"rendered":"http:\/\/coquelicot-consultations.fr\/?page_id=2"},"modified":"2026-05-03T09:03:12","modified_gmt":"2026-05-03T07:03:12","slug":"page-d-exemple","status":"publish","type":"page","link":"https:\/\/coquelicot-consultations.fr\/","title":{"rendered":"Accueil"},"content":{"rendered":"<p><strong><em>Coquelicot-Consultations<\/em><\/strong> est une association constitu\u00e9e de psychologues, d&rsquo;une peintre plasticienne, d&rsquo;une \u00e9ducatrice m\u00e9diatrice artistique.<\/p>\n<p><strong>DISPOSITIFS DE L&rsquo;ASSOCIATION<\/strong><\/p>\n<p><strong>POINT ACCUEIL ECOUTE JEUNES (PAEJ) : accueils \u00e0 Melun, pour les 12-25 ans :<\/strong><\/p>\n<p><strong>ACCUEILS SANS RENDEZ-VOUS<\/strong><\/p>\n<ul>\n<li><strong>le JEUDI \u00a0de 16 h 30 \u00a0\u00e0 19 heures<\/strong> au 12, rue Saint Barth\u00e9l\u00e9my \u00e0 Melun : dessin, arts plastiques, peinture, musique, jeux, \u00a0le jeudi en pr\u00e9sence <strong>d\u00e9tails sur la page PAEJ (Point Accueil Ecoute Jeunes).<\/strong><\/li>\n<li><strong>le VENDREDI \u00a0\u00a0de 16 h 30 \u00a0\u00e0 19 heures<\/strong> au 12, rue Saint Barth\u00e9l\u00e9my \u00e0 Melun : <strong>atelier rembobinage et vid\u00e9o d\u00e9tails sur la page PAEJ,<\/strong><\/li>\n<li><strong> le MERCREDI \u00a0SUR INSCRIPTION : atelier bas\u00e9 sur des techniques d\u2019improvisation et d\u2019expression par le th\u00e9\u00e2tre. Cet atelier peut vous aider \u00e0 vous int\u00e9grer dans un groupe, \u00e0 am\u00e9liorer vos relations avec vos camarades, \u00a0\u00e0 prendre la parole, dans un petit groupe et sans pression..<\/strong><\/li>\n<li><strong>Inscription pour le mercredi : <\/strong><strong>par t\u00e9l\u00e9phone\u00a0: 06 51\u00a049 01 88\u00a0<\/strong><strong>ou par mail\u00a0:\u00a0<a href=\"mailto:secretariat@coquelicots-consultations.fr\">secretariat@coquelicot-consultations.fr<\/a><\/strong>. <strong>\u00a0Les places sont limit\u00e9es (6 places).<\/strong><\/li>\n<\/ul>\n<p><strong>ACCUEILS INDIVIDUELS SUR RENDEZ-VOUS :<\/strong><\/p>\n<ul>\n<li><strong>le LUNDI \u00a0et le MERCREDI<\/strong> au 12, rue Saint Barth\u00e9l\u00e9my \u00e0 Melun,<\/li>\n<li><strong>le MARDI et le MERCREDI<\/strong>, \u00e0 la MAISON des ASSOCIATIONS, Maison JEAN XXIII \u00e0 Melun.<\/li>\n<\/ul>\n<p>Les demandes de rendez vous et de renseignements peuvent se faire par t\u00e9l\u00e9phone :<\/p>\n<p>Pour les 12-25 ans <strong>par t\u00e9l\u00e9phone \u00a0au : 06 51 49 01 88 ou par mail : secretariat@coquelicot-consultations.fr<\/strong><\/p>\n<p><strong><strong>CONSULTATIONS POUR LES FAMILLES\u00a0<\/strong><\/strong><\/p>\n<p><strong><strong>Soutien \u00e0 la fonction parentale et consultations familiales<\/strong>, sur rendez-vous, le mardi de 13 heures \u00e0 20 heures.<\/strong><\/p>\n<p>Adresse : 12, rue Saint Barth\u00e9l\u00e9my, 77000 \u00e0 MELUN.<\/p>\n<p>Demandes de RV pour les familles au : 07 81 69 14 70 ou par mail : eam@coquelicot-consultations.fr<\/p>\n<p><strong>CONSULTATIONS POUR LES MIGRANTS<\/strong>, sur rendez-vous.<\/p>\n<p>L&rsquo;association offre ainsi diff\u00e9rents espaces d&rsquo;accueil et de mise au travail. \u00a0Pr\u00e9sente sur l&rsquo;agglom\u00e9ration Melun Val de Seine, ses dispositifs sont ouverts \u00e0 tout r\u00e9sident de Seine-et-Marne. Chaque dispositif travaille en r\u00e9seau avec les partenaires du territoire : Maison Des Solidarit\u00e9s, Programmes d&rsquo;Insertion des Jeunes, Programmes de R\u00e9ussite Educative, correspondants de l&rsquo;Education Nationale, Centres Sociaux.<\/p>\n<p>Renseignements et rendez-vous : 07 81 69 14 70<br \/>\nAdresse courriel : eam<a href=\"mailto:eam@coquelicot-consultations.fr\">@coquelicot-consultations.fr<\/a><\/p>\n","protected":false},"excerpt":{"rendered":"<p>Coquelicot-Consultations est une association constitu\u00e9e de psychologues, d&rsquo;une peintre plasticienne, d&rsquo;une \u00e9ducatrice m\u00e9diatrice artistique. DISPOSITIFS DE L&rsquo;ASSOCIATION POINT ACCUEIL ECOUTE JEUNES (PAEJ) : accueils \u00e0 Melun, pour les 12-25 ans : ACCUEILS SANS RENDEZ-VOUS le JEUDI \u00a0de 16 h 30 \u00a0\u00e0 19 heures au 12, rue Saint Barth\u00e9l\u00e9my \u00e0 Melun : dessin, arts plastiques, peinture, <a class=\"more-link\" href=\"https:\/\/coquelicot-consultations.fr\/\">la suite&#8230; <i class=\"fa fa-chevron-right\"><\/i><\/a><\/p>\n","protected":false},"author":1,"featured_media":0,"parent":0,"menu_order":0,"comment_status":"closed","ping_status":"open","template":"","meta":{"iawp_total_views":4923,"footnotes":""},"class_list":["post-2","page","type-page","status-publish","hentry"],"_links":{"self":[{"href":"https:\/\/coquelicot-consultations.fr\/index.php\/wp-json\/wp\/v2\/pages\/2","targetHints":{"allow":["GET"]}}],"collection":[{"href":"https:\/\/coquelicot-consultations.fr\/index.php\/wp-json\/wp\/v2\/pages"}],"about":[{"href":"https:\/\/coquelicot-consultations.fr\/index.php\/wp-json\/wp\/v2\/types\/page"}],"author":[{"embeddable":true,"href":"https:\/\/coquelicot-consultations.fr\/index.php\/wp-json\/wp\/v2\/users\/1"}],"replies":[{"embeddable":true,"href":"https:\/\/coquelicot-consultations.fr\/index.php\/wp-json\/wp\/v2\/comments?post=2"}],"version-history":[{"count":377,"href":"https:\/\/coquelicot-consultations.fr\/index.php\/wp-json\/wp\/v2\/pages\/2\/revisions"}],"predecessor-version":[{"id":1491,"href":"https:\/\/coquelicot-consultations.fr\/index.php\/wp-json\/wp\/v2\/pages\/2\/revisions\/1491"}],"wp:attachment":[{"href":"https:\/\/coquelicot-consultations.fr\/index.php\/wp-json\/wp\/v2\/media?parent=2"}],"curies":[{"name":"wp","href":"https:\/\/api.w.org\/{rel}","templated":true}]}}