{"id":40,"date":"2016-12-01T23:31:24","date_gmt":"2016-12-01T21:31:24","guid":{"rendered":"http:\/\/coquelicot-consultations.fr\/?page_id=40"},"modified":"2023-09-28T07:53:51","modified_gmt":"2023-09-28T05:53:51","slug":"therapie-de-famille-et-de-couple","status":"publish","type":"page","link":"https:\/\/coquelicot-consultations.fr\/index.php\/therapie-de-famille-et-de-couple\/","title":{"rendered":"Th\u00e9rapie familiale"},"content":{"rendered":"<p><strong>TH\u00c9RAPIES FAMILIALES, CONSULTATIONS pour les FAMILLES<\/strong><\/p>\n<p>Consultations pour les familles sur<strong>\u00a0rendez-vous uniquement, le mardi de 14 heures \u00e0 20 heures<\/strong>.<\/p>\n<p>Adresse : 12, rue Saint Barth\u00e9m\u00e9ly, 77000 MELUN (acc\u00e8s par bus 3603, 3605).<\/p>\n<p>Les demandes de rendez-vous se font par t\u00e9l : 07 81 69 14 70 ou par courriel : eam@coquelicot-consultations.fr<\/p>\n<p>Les familles ou les parents sont re\u00e7us sur rendez-vous pour des entretiens familiaux et des consultations par deux psychologues. Chaque s\u00e9ance dure une heure environ.<br \/>\nLe rythme des s\u00e9ances est adapt\u00e9 aux besoins de chaque famille, mensuelle, bi mensuelle, hebdomadaire si n\u00e9cessaire.<\/p>\n<p>L&rsquo;association est financ\u00e9e par des partenaires publics. Les s\u00e9ances sont gratuites pour les b\u00e9n\u00e9ficiaires.<\/p>\n<p>Des groupes de paroles sont \u00e9galement propos\u00e9s.<\/p>\n<p><strong>FAMILLE<\/strong><\/p>\n<p>La famille est, le plus souvent, un refuge. La s\u00e9curit\u00e9 d&rsquo;un foyer \u00a0est une ressource pr\u00e9cieuse pour la construction des enfants. La famille est un rep\u00e8re d&rsquo;appartenance \u00e0 tout \u00e2ge. Mais, \u00e0 certains moments (naissance, adolescence des enfants, s\u00e9paration des parents), la famille traverse des turbulences. Les malaises s&rsquo;expriment de diff\u00e9rentes fa\u00e7ons : d\u00e9tresse, isolement, d\u00e9pression, d\u00e9crochage scolaire, addictions, difficult\u00e9 \u00e0 rester dans un emploi, instabilit\u00e9 affective, violence physique ou verbale.<br \/>\nUne famille, cela commence avec deux personnes de deux g\u00e9n\u00e9rations diff\u00e9rentes. Un parent et un enfant, un enfant et plusieurs parents, plusieurs parents et plusieurs enfants, les combinaisons sont infinies. La famille vit dans un \u00e9quilibre en mouvement, d&rsquo;appartenance et de s\u00e9paration. Le sentiment d&rsquo;appartenance rassure et permet de se construire. Mais devenir adulte signifie trouver son propre chemin, et savoir se s\u00e9parer du mod\u00e8le parental.<br \/>\nDans la cellule familiale se nouent les premiers liens, s&rsquo;expriment les premi\u00e8res \u00e9motions, les premi\u00e8res peurs. Dans la famille, \u00e0 deux, \u00e0 cinq ou plus, on appelle \u00e0 l&rsquo;aide, on \u00e9change, on partage. C&rsquo;est en famille qu&rsquo;on apprend \u00e0 trouver une place, et aussi \u00e0 int\u00e9grer la n\u00e9cessit\u00e9 des limites. La famille est une ressource, mais elle peut devenir source de souffrance.<br \/>\nUne naissance, l&rsquo;adolescence, une maladie, un deuil, une s\u00e9paration, la perte d&rsquo;un emploi, bouleversent les \u00e9quilibres. Les liens se tendent, voire se rompent. Avec des professionnels, il est possible d&rsquo;essayer d&rsquo;en comprendre un peu plus, d&rsquo;\u00e9lucider des tensions, de mettre les conflits \u00e0 la juste distance.<br \/>\nPour prendre rendez vous : 07 81 69 14 70 ou <a href=\"mailto:eam@coquelicot-consultations.fr\">eam@coquelicot-consultations.fr<\/a><\/p>\n<p>Cette action est soutenue par la CAF 77, l&rsquo;Agence R\u00e9gionale de Sant\u00e9 Ile-de France et l&rsquo;agglom\u00e9ration de Melun.<\/p>\n","protected":false},"excerpt":{"rendered":"<p>TH\u00c9RAPIES FAMILIALES, CONSULTATIONS pour les FAMILLES Consultations pour les familles sur\u00a0rendez-vous uniquement, le mardi de 14 heures \u00e0 20 heures. Adresse : 12, rue Saint Barth\u00e9m\u00e9ly, 77000 MELUN (acc\u00e8s par bus 3603, 3605). Les demandes de rendez-vous se font par t\u00e9l : 07 81 69 14 70 ou par courriel : eam@coquelicot-consultations.fr Les familles ou <a class=\"more-link\" href=\"https:\/\/coquelicot-consultations.fr\/index.php\/therapie-de-famille-et-de-couple\/\">la suite&#8230; <i class=\"fa fa-chevron-right\"><\/i><\/a><\/p>\n","protected":false},"author":1,"featured_media":0,"parent":0,"menu_order":0,"comment_status":"closed","ping_status":"closed","template":"","meta":{"iawp_total_views":1226,"footnotes":""},"class_list":["post-40","page","type-page","status-publish","hentry"],"_links":{"self":[{"href":"https:\/\/coquelicot-consultations.fr\/index.php\/wp-json\/wp\/v2\/pages\/40","targetHints":{"allow":["GET"]}}],"collection":[{"href":"https:\/\/coquelicot-consultations.fr\/index.php\/wp-json\/wp\/v2\/pages"}],"about":[{"href":"https:\/\/coquelicot-consultations.fr\/index.php\/wp-json\/wp\/v2\/types\/page"}],"author":[{"embeddable":true,"href":"https:\/\/coquelicot-consultations.fr\/index.php\/wp-json\/wp\/v2\/users\/1"}],"replies":[{"embeddable":true,"href":"https:\/\/coquelicot-consultations.fr\/index.php\/wp-json\/wp\/v2\/comments?post=40"}],"version-history":[{"count":75,"href":"https:\/\/coquelicot-consultations.fr\/index.php\/wp-json\/wp\/v2\/pages\/40\/revisions"}],"predecessor-version":[{"id":1161,"href":"https:\/\/coquelicot-consultations.fr\/index.php\/wp-json\/wp\/v2\/pages\/40\/revisions\/1161"}],"wp:attachment":[{"href":"https:\/\/coquelicot-consultations.fr\/index.php\/wp-json\/wp\/v2\/media?parent=40"}],"curies":[{"name":"wp","href":"https:\/\/api.w.org\/{rel}","templated":true}]}}