{"id":409,"date":"2018-10-12T09:09:16","date_gmt":"2018-10-12T07:09:16","guid":{"rendered":"http:\/\/coquelicot-consultations.fr\/?page_id=409"},"modified":"2024-02-25T20:06:45","modified_gmt":"2024-02-25T18:06:45","slug":"mna-jeunes-migrants","status":"publish","type":"page","link":"https:\/\/coquelicot-consultations.fr\/index.php\/mna-jeunes-migrants\/","title":{"rendered":"MNA jeunes migrants"},"content":{"rendered":"<p>L&rsquo;association assure une mission d&rsquo;accompagnement psychologique des Mineurs Non Accompagn\u00e9s pris en charge par l&rsquo;Aide Sociale \u00e0 l&rsquo;Enfance du 77 et, plus largement des personnes migrantes et vuln\u00e9rables.<\/p>\n<p>Les demandes de consultations sont \u00e0 adresser \u00e0 : eam@coquelicot-consultations.fr<\/p>\n<p>Cette action est soutenue par la Caisse Primaire d&rsquo;Assurance Maladie de Seine et Marne et l&rsquo;Agence R\u00e9gionale de Sant\u00e9 d&rsquo;le de France.<\/p>\n","protected":false},"excerpt":{"rendered":"<p>L&rsquo;association assure une mission d&rsquo;accompagnement psychologique des Mineurs Non Accompagn\u00e9s pris en charge par l&rsquo;Aide Sociale \u00e0 l&rsquo;Enfance du 77 et, plus largement des personnes migrantes et vuln\u00e9rables. Les demandes de consultations sont \u00e0 adresser \u00e0 : eam@coquelicot-consultations.fr Cette action est soutenue par la Caisse Primaire d&rsquo;Assurance Maladie de Seine et Marne et l&rsquo;Agence R\u00e9gionale <a class=\"more-link\" href=\"https:\/\/coquelicot-consultations.fr\/index.php\/mna-jeunes-migrants\/\">la suite&#8230; <i class=\"fa fa-chevron-right\"><\/i><\/a><\/p>\n","protected":false},"author":1,"featured_media":0,"parent":0,"menu_order":0,"comment_status":"closed","ping_status":"closed","template":"","meta":{"iawp_total_views":306,"footnotes":""},"class_list":["post-409","page","type-page","status-publish","hentry"],"_links":{"self":[{"href":"https:\/\/coquelicot-consultations.fr\/index.php\/wp-json\/wp\/v2\/pages\/409","targetHints":{"allow":["GET"]}}],"collection":[{"href":"https:\/\/coquelicot-consultations.fr\/index.php\/wp-json\/wp\/v2\/pages"}],"about":[{"href":"https:\/\/coquelicot-consultations.fr\/index.php\/wp-json\/wp\/v2\/types\/page"}],"author":[{"embeddable":true,"href":"https:\/\/coquelicot-consultations.fr\/index.php\/wp-json\/wp\/v2\/users\/1"}],"replies":[{"embeddable":true,"href":"https:\/\/coquelicot-consultations.fr\/index.php\/wp-json\/wp\/v2\/comments?post=409"}],"version-history":[{"count":17,"href":"https:\/\/coquelicot-consultations.fr\/index.php\/wp-json\/wp\/v2\/pages\/409\/revisions"}],"predecessor-version":[{"id":1218,"href":"https:\/\/coquelicot-consultations.fr\/index.php\/wp-json\/wp\/v2\/pages\/409\/revisions\/1218"}],"wp:attachment":[{"href":"https:\/\/coquelicot-consultations.fr\/index.php\/wp-json\/wp\/v2\/media?parent=409"}],"curies":[{"name":"wp","href":"https:\/\/api.w.org\/{rel}","templated":true}]}}