{"id":73,"date":"2019-11-01T12:42:43","date_gmt":"2019-11-01T10:42:43","guid":{"rendered":"http:\/\/coquelicot-consultations.fr\/?page_id=73"},"modified":"2026-05-03T09:03:36","modified_gmt":"2026-05-03T07:03:36","slug":"point-accueil-ecoute-jeunes","status":"publish","type":"page","link":"https:\/\/coquelicot-consultations.fr\/index.php\/point-accueil-ecoute-jeunes\/","title":{"rendered":"Point Accueil Ecoute Jeunes"},"content":{"rendered":"<p>Le PAEJ \u00a0(Point Accueil Ecoute Jeunes) de Melun accueille les <strong>12-25 ans<\/strong><\/p>\n<p><strong>ACCUEILS SANS RENDEZ VOUS<\/strong> :<\/p>\n<ul>\n<li><strong>le jeudi, de 16 heures 30 \u00e0 \u00a019 heures<\/strong>, au 12, rue Saint Barth\u00e9l\u00e9my Melun, espace d&rsquo;expression artistique et plastique.<\/li>\n<li><strong>le vendredi, de 16 heures 30 \u00a0\u00e0 19 \u00a0heures<\/strong>, au 12, rue Saint\u00a0Barth\u00e9l\u00e9my Melun,\u00a0espace cr\u00e9atif et tiers lieu,\u00a0<strong>sans rendez-vous, avec possibilit\u00e9 de venir se poser sans rien faire : <\/strong>d<span style=\"font-size: revert;\">\u00e9couvrir des mati\u00e8res, fabriquer des objets, l\u2019objectif est de cr\u00e9er des vid\u00e9os \u00e0 partir des \u00e9motions et de l\u2019imagination de chacun.\u00a0<\/span><span style=\"font-size: revert;\">Choisir un personnage, partir \u00e0 la rencontre de ce personnage, par la peinture, le dessin, ou bien par la r\u00e9alisation d\u2019un objet, d\u2019un montage vid\u00e9o.\u00a0<\/span><span style=\"font-size: revert;\">Le montage vid\u00e9o permet de revenir sur sa r\u00e9alisation, de \u00ab\u00a0rembobiner\u00a0\u00bb et donc de transformer, le jour m\u00eame, ou le vendredi suivant \u2026\u00a0.<\/span>\n<div>\n<p><b><span style=\"font-size: revert;\">Atelier le MERCREDI \u00a0de 14h30 \u00e0 16h30 : <\/span><\/b>\u00a0<strong>expression par le th\u00e9\u00e2tre.<\/strong>\u00a0<span style=\"font-size: revert;\">Cet atelier peut vous aider \u00e0 vous int\u00e9grer dans un groupe, \u00e0 am\u00e9liorer vos relations avec vos camarades, vous engager \u00e0 prendre la parole, \u00a0\u00e0 exp\u00e9rimenter, dans un petit groupe et sans pression.<\/span><\/p>\n<\/div>\n<div>\n<p><b>Inscription n\u00e9cessaire pour le mercredi : <\/b><b style=\"font-size: revert;\">par t\u00e9l\u00e9phone\u00a0: 06 51\u00a049 01 88\u00a0<\/b><b style=\"font-size: revert;\">ou par mail\u00a0:\u00a0<a href=\"mailto:secretariat@coquelicots-consultations.fr\" target=\"_blank\" rel=\"noopener\">secretariat@<wbr \/>coquelicot-consultations.fr<\/a><\/b><span style=\"font-size: revert;\">.\u00a0<\/span><\/p>\n<\/div>\n<\/li>\n<\/ul>\n<p><strong>ACCUEILS INDIVIDUELS SUR RENDEZ VOUS\u00a0<\/strong><\/p>\n<p><strong>Informations compl\u00e9mentaires<\/strong>\u00a0<strong> et demandes de rendez-vous par t\u00e9l\u00e9phone \u00a0au : 06 51 49 01 88<\/strong><\/p>\n<p>ou par mail : secretariat@coquelicot-consultations.fr<\/p>\n<p><strong>ACCES<\/strong><\/p>\n<p><strong>Mardi et mercredi<\/strong>\u00a0: MAISON DES ASSOCIATIONS, JEAN \u00a0XXIII : station de bus la plus proche : <strong><em>T<strong>r<\/strong>ois Horloges<\/em> ( bus 3602, 3603, 3609 et 3630)<\/strong><\/p>\n<p><strong>Lundi, \u00a0jeudi<\/strong>\u00a0<strong> et vendredi<\/strong> : au 12, rue Saint Barth\u00e9l\u00e9my <strong>(bus 3602, 3603, 3604, 3611 <\/strong>arr\u00eats<strong> Pr\u00e9fecture, Porte de Paris, bus 3605, arr\u00eat Alsace Lorraine ou Quai Pasteur.)<\/strong><\/p>\n<p><strong>Qu&rsquo;est ce qu&rsquo;un<\/strong> <strong>PAEJ<\/strong> ? Un PAEJ est un dispositif d&rsquo;accueil pour les <b>adolescents et les jeunes adultes<\/b>. Il r\u00e9pond aux missions suivantes :<\/p>\n<ul>\n<li>Assurer un accueil et une \u00e9coute des adolescents et les jeunes adultes, sans rendez-vous ou avec rendez-vous,<\/li>\n<li>Accueillir parents, famille, avec ou sans rendez-vous,<\/li>\n<li>Entreprendre une premi\u00e8re \u00e9valuation de la situation du jeune, puis son orientation, si n\u00e9cessaire, vers d\u2019autres dispositifs du secteur sanitaire ou m\u00e9dico social du territoire.,<\/li>\n<li>Identifier les blocages, permettre au jeune de croire en lui, l\u2019aider \u00e0 d\u00e9finir un projet, le soutenir dans ce projet, surmonter les difficult\u00e9s, l\u2019encourager, selon la situation, \u00e0 un retour \u00e0 la scolarit\u00e9 ou \u00e0 un projet professionnel,<\/li>\n<li>Plus largement, r\u00e9pondre aux probl\u00e9matiques des jeunes re\u00e7us\u00a0: emploi, sant\u00e9, logement, loisirs, liens sociaux.<\/li>\n<\/ul>\n<p>Le PAEJ \u00a0est soutenu par la Caisse d&rsquo;Allocations Familiales, par la Caisse Primaire d&rsquo;Assurance Maladie de Seine-et-Marne, par l&rsquo;ANCT-CGET, l&rsquo;ARS et la Cit\u00e9 Educative de Melun et du M\u00e9e.<\/p>\n","protected":false},"excerpt":{"rendered":"<p>Le PAEJ \u00a0(Point Accueil Ecoute Jeunes) de Melun accueille les 12-25 ans ACCUEILS SANS RENDEZ VOUS : le jeudi, de 16 heures 30 \u00e0 \u00a019 heures, au 12, rue Saint Barth\u00e9l\u00e9my Melun, espace d&rsquo;expression artistique et plastique. le vendredi, de 16 heures 30 \u00a0\u00e0 19 \u00a0heures, au 12, rue Saint\u00a0Barth\u00e9l\u00e9my Melun,\u00a0espace cr\u00e9atif et tiers lieu,\u00a0sans <a class=\"more-link\" href=\"https:\/\/coquelicot-consultations.fr\/index.php\/point-accueil-ecoute-jeunes\/\">la suite&#8230; <i class=\"fa fa-chevron-right\"><\/i><\/a><\/p>\n","protected":false},"author":1,"featured_media":0,"parent":0,"menu_order":0,"comment_status":"closed","ping_status":"closed","template":"","meta":{"iawp_total_views":2091,"footnotes":""},"class_list":["post-73","page","type-page","status-publish","hentry"],"_links":{"self":[{"href":"https:\/\/coquelicot-consultations.fr\/index.php\/wp-json\/wp\/v2\/pages\/73","targetHints":{"allow":["GET"]}}],"collection":[{"href":"https:\/\/coquelicot-consultations.fr\/index.php\/wp-json\/wp\/v2\/pages"}],"about":[{"href":"https:\/\/coquelicot-consultations.fr\/index.php\/wp-json\/wp\/v2\/types\/page"}],"author":[{"embeddable":true,"href":"https:\/\/coquelicot-consultations.fr\/index.php\/wp-json\/wp\/v2\/users\/1"}],"replies":[{"embeddable":true,"href":"https:\/\/coquelicot-consultations.fr\/index.php\/wp-json\/wp\/v2\/comments?post=73"}],"version-history":[{"count":261,"href":"https:\/\/coquelicot-consultations.fr\/index.php\/wp-json\/wp\/v2\/pages\/73\/revisions"}],"predecessor-version":[{"id":1492,"href":"https:\/\/coquelicot-consultations.fr\/index.php\/wp-json\/wp\/v2\/pages\/73\/revisions\/1492"}],"wp:attachment":[{"href":"https:\/\/coquelicot-consultations.fr\/index.php\/wp-json\/wp\/v2\/media?parent=73"}],"curies":[{"name":"wp","href":"https:\/\/api.w.org\/{rel}","templated":true}]}}